{"id":1040,"date":"2017-11-27T14:51:00","date_gmt":"2017-11-27T12:51:00","guid":{"rendered":"https:\/\/boschem.eu\/bos2024\/?page_id=1040"},"modified":"2018-06-19T13:11:19","modified_gmt":"2018-06-19T10:11:19","slug":"participants","status":"publish","type":"page","link":"https:\/\/boschem.eu\/bos2024\/participants\/","title":{"rendered":"Participants"},"content":{"rendered":"<h4><\/h4>\n<h3>Participants list<\/h3>\n<p class=\"r\">Aav, Riina (Tallinn University of Technology, Estonia)<br \/>\nAbdurakhmanova, Esma (Institute of Biorganic Chemistry and Petrochemistry of the National Academy of Sciences of Ukraine, Ukraine)<br \/>\nAdamson, Jasper (National Institute of Chemical Physics and Biophysics, Estonia)<br \/>\nAksenov, Alexander (North Caucasus Federal University, Russia)<br \/>\nAllikmaa, Veiko (Cambrex Tallinn AS, Estonia)<br \/>\nAmolins, Andris (Latvian Institute of Organic Synthesis, Latvia)<br \/>\nAntal, Rastislav (Charles University, Czech Republic)<br \/>\nArsenyan, Pavel (Latvian Institute of Organic Synthesis, Latvia)<br \/>\nAruj\u00f5e, Meeli (University of Tartu, Estonia)<br \/>\nAstashko, Dmitry (Belorussian State University, Republic of Belarus)<br \/>\nBagdziunas, Gintautas (Center of Physical Sciences and Technology, Lithuania)<br \/>\nBalkaitis, Simonas (Latvian Institute of Organic Synthesis, Latvia)<br \/>\nBarysevich, Maryia (Tallinn University of Technology, Estonia)<br \/>\nBauer, Adriano (University of Vienna, Austria)<br \/>\nBelaunieks, Rudolfs (Riga Technical University, Latvia)<br \/>\nBhadoria, Rohit (Tallinn University of Technology, Estonia)<br \/>\nBizdena, Erika (Riga Technical University, Latvia)<br \/>\nBlizniuk, Alena (Belarusian State University, Republic of Belarus)<br \/>\nBokach, Nadezhda (Saint Petersburg State University, Russia)<br \/>\nBriska, Janis (Latvian Institute of Organic Synthesis, Latvia)<br \/>\nBrovarets, Volodymyr (Institute of Bioorganic Chemistry and Petrochemistry of the National Academy of Sciences of Ukraine, Ukraine)<br \/>\nBruza, Zbynek (Charles University, Czech Republic)<br \/>\nButkus, Eugenijus (Vilnius University, Lithuania)<br \/>\nChebanov, Valentyn (SSI &#8220;Institute for Single Crystals&#8221; NAS of Ukraine, Ukraine)<br \/>\nChen, Cheng Yi (PDMS API SM Janssen, Switzerland)<br \/>\nCikotiene, Inga (Thermo Fisher Scientific Baltics, Lithuania)<br \/>\nColacot, Thomas (Johnson Matthey, USA)<br \/>\nColas, Kilian (Stockholm University, Sweden)<br \/>\nCostantini, Matteo (Stockholm University, Sweden)<br \/>\nDarzina, Madara (Latvian Institute of Organic Synthesis, Latvia)<br \/>\nDaskeviciene, Maryte (Kaunas University of Technology, Lithuania)<br \/>\nDavies, Huw (Emory University, UK)<br \/>\nDeska, Jan (Aalto University, Finland)<br \/>\nDomanski, Sylwester (Institute of Organic Chemistry, Polish Academy of Sciences, Poland)<br \/>\nDumitrascu, Florea (Center for Organic Chemistry, Rumenia)<br \/>\nDuncia, John (Bristol-Myers Squibb, USA)<br \/>\nDunetz, Joshua (Gilead Sciences, USA)<br \/>\nE. Maier, Martin (Universit\u00e4t T\u00fcbingen, Germany)<br \/>\nEastgate, Martin (Bristol-Myers Squibb, USA)<br \/>\nEek, Margus (Cambrex Tallinn AS, Estonia)<br \/>\nElek, Gabor Zoltan (Tallinn University of Technology, Estonia)<br \/>\nErkman, Kristin (Tallinn University of Technology, Estonia)<br \/>\nErmolovich, Iuriy (Tallinn University of Technology, Estonia)<br \/>\nErshovs, Glebs (Latvian Institute of Organic Synthesis, Latvia)<br \/>\nGaebelein, Dirk (TCI Chemicals, Germany)<br \/>\nGathergood, Nicholas (Tallinn University of Technology, Estonia)<br \/>\nGetautis, Vytautas (Kaunas University of Technology, Lithuania)<br \/>\nGevorgyan, Vladimir (University of Illinois at Chicago, USA)<br \/>\nGlowacki, Michal (University of Warsaw, Poland)<br \/>\nGouverneur, Veronique (University of Oxford, UK)<br \/>\nGrabowski, Jakub (Polish Academy of Sciences, Poland)<br \/>\nGraczyk, Piotr (Selvita S.A., Poland)<br \/>\nGrammatoglou, Konstantin (Latvian Institute of Organic Synthesis, Latvia)<br \/>\nGrigorjeva, Liene (Latvian Institute of Organic Synthesis, Latvia)<br \/>\nGrubbs, Robert (Caltech, USA)<br \/>\nGrybaite, Birute (Kaunas University of Technology, Lithuania)<br \/>\nGupta, Vijai Kumar (Tallinn University of Technology, Estonia)<br \/>\nG\u00fclten, Sirin (Canakkale Onsekiz Mart University, Turkey)<br \/>\nHaak, Susanne (Georg Thieme Verlag KG, Germany)<br \/>\nHartikainen, Saara (University of Jyv\u00e4skyl\u00e4, Finland)<br \/>\nHasan, Mohammed (Tallinn University of Technology, Estonia)<br \/>\nHolovchenko, Oleksandr (Institute of Bioorganic Chemistry and Petrochemistry of the National Academy of Sciences of Ukraine, Ukraine)<br \/>\nHurski, Alaksiej (Institute of Bioorganic Chemistry, Republik of Belarus)<br \/>\nIaroshenko, Viktor (Center of Molecular and Macromolecular Studies in Lodz, Polish Academy of Sciences, Poland)<br \/>\nIlisson, Mihkel (University of Tartu, Estonia)<br \/>\nIskryk, Marharyta (Tallinn University of Technology, Estonia)<br \/>\nIzmailovs, Toms (Latvian Institute of Organic Synthesis, Latvia)<br \/>\nJankunaite, Alberta (Vilnius University, Lithuania)<br \/>\nJansa, Petr (Charles University, Czech Republik)<br \/>\nJa\u0161inskaite-Ko\u017eeniauski, Vaida (Kaunas University of Technology, Lithuania)<br \/>\nJelier, Benson (ETH Z\u00fcrich, Switzerland)<br \/>\nJirgensons, Aigars (Latvian Institute of Organic Synthesis, Latvia)<br \/>\nJonusis, Mantas (Vilnius University, Lithuania)<br \/>\nJorgensen, Kare B (University of Stavanger, Norway)<br \/>\nJozeliunaite, Augustina (Vilnius University, Lithuania)<br \/>\nJust, David (Institute of Organic Chemistry and Biochemistry of the CAS, Czech Republic)<br \/>\nKaasik, Mikk (Tallinn University of Technology, Estonia)<br \/>\nKaiser, Reinhard Peter (Charles University, Czech Republic)<br \/>\nKaljuste, Kalle (Cambrex Tallinn AS, Estonia)<br \/>\nKananovich, Dzmitry (Tallinn University of Technology, Estonia)<br \/>\nKancherla, Sindhu (University of Stavanger, Norway)<br \/>\nKanger, T\u00f5nis (Tallinn University of Technology, Estonia)<br \/>\nKapeniak, Lucas (Queen`s University, Canada)<br \/>\nKapilinskis, Zigfrids (Riga Technical University, Latvia)<br \/>\nKapitanov, Illia (Tallinn University of Technology, Estonia)<br \/>\nKarpichev, Yevgen (Tallinn Univesity of Technology, Estonia)<br \/>\nKask, Grete (Tallinn University of Technology, Estonia)<br \/>\nKazak, Mihail (University of Latvia, Latvia)<br \/>\nKazlova, Volha (Institute of Organic Chemistry, National Academy of Sciences of Belarus, Belarus)<br \/>\nKimm, Mariliis (Tallinn University of Technology, Estonia)<br \/>\nKlucznik, Tomasz (Institute of Organic Chemistry PAS, Poland)<br \/>\nKluga, Rihards (Latvian Institute of Organic Chemistry, Latvia)<br \/>\nKondratyev, Nikolay (Loughborough University, England)<br \/>\nKonik, Yulia (Tallinn University of Technology, Estonia)<br \/>\nKoppel, Kaur (Tallinn University of Technology, Estonia)<br \/>\nKopyt, Michal (University of Warsaw, Poland)<br \/>\nKortet, Sami (University of Jyv\u00e4skyl\u00e4, Finland)<br \/>\nKosk, Kertu (Tallinn University of Technology, Estonia)<br \/>\nKostomarova, Diana (Cambrex Tallinn AS, Estonia)<br \/>\nKovada, Vadims (Latvian Institute of Organic Synthesis, Latvia)<br \/>\nKrasauska, Klinta (Riga Technical University, Latvia)<br \/>\nKriis, Kadri (Tallinn University of Technology, Estonia)<br \/>\nKucerova, Katerina (Charles University, Czech Republic)<br \/>\nKudrjashova, Marina (Tallinn University of Technology, Estonia)<br \/>\nKukk, Siim (University of Tartu, Estonia)<br \/>\nK\u00f5llo, Marek (Tallinn University of Technology, Estonia)<br \/>\nLaars, Marju (Cambrex Tallinn AS, Estonia)<br \/>\nLapinskaite, Ringaile (Brock University, Canada)<br \/>\nLi, Jing (University of Vienna, Austria)<br \/>\nLidumniece, Elina (Latvian Institute of Organic Synthesis, Latvia)<br \/>\nLips, Kristiina (Tallinn University of Technology, Estonia)<br \/>\nLiu, Yu-Chang (Aalto University, Finland)<br \/>\nLopp, Margus (Tallinn University of Technology, Estonia)<br \/>\nLopu\u0161anskaja, Eleana (Tallinn University of Technology, Estonia)<br \/>\nLovelock, Stephen (University of Strathclyde, UK)<br \/>\nLudvig, Mari-Liis (Tallinn University of Technology, Estonia)<br \/>\nLuginina, Jevgenija (Riga Technical University, Latvia)<br \/>\nLukasevics, Lukass (Latvian Institute of Organic Synthesis, Latvia)<br \/>\nL\u00fcll, Mai (Cambrex Tallinn, Estonia)<br \/>\nMagomedov, Artiom (Kaunas University of Technology, Lithuania)<br \/>\nMais, Franz-Josef (Bayer Pharma AG, Germany)<br \/>\nMartinez De Castro, Elisa (Stockholm University, Sweden)<br \/>\nMasiuk, Uladzimir (Tallinn University of Technology, Estonia)<br \/>\nMastitski, Anton (University of Tartu, Estonia)<br \/>\nMatous, Petr (Charles University, Czech Republic)<br \/>\nMatt, Livia (University of Tartu, Estonia)<br \/>\nMayerh\u00f6ffer, Ulrich (Lonza AG, Switzerland)<br \/>\nMc Cleary, Nadine (GlaxoSmithKline, UK)<br \/>\nMelchiorre, Paolo (ICIQ, Spain)<br \/>\nMelngaile, Renate (Latvian Institute of Organic Synthesis, Latvia)<br \/>\nMendoza, Abraham (Stockholm University, Sweden)<br \/>\nMetsala, Andrus (Tallinn University of Technology, Estonia)<br \/>\nMets\u00e4nen, Toni (University of Jyv\u00e4skyl\u00e4, Finland)<br \/>\nMierina, Inese (Riga Technical University, Latvia)<br \/>\nMikulak-Klucznik, Barbara (Institute of Organic Chemistry PAS, Poland)<br \/>\nMishra, Kamini (Tallinn University of Technology, Estonia)<br \/>\nMitiukhin, Oleg (Institute of Biorganic Chemistry and Petrochemistry of the National Academy of Sciences of Ukraine, Ukraine)<br \/>\nMiyatake Ondozabal, Hideki (Bayer AG, Germany)<br \/>\nMowat, Jeffrey (Bayer AG, Germany)<br \/>\nMudavasseril Sudheer, Surya (Tallinn University of Technology, Estonia)<br \/>\nMurre, Aleksandra (Tallinn University of Technology, Estonia)<br \/>\nMutule, Ilga (Latvian Institute of Organic Synthesis, Latvia)<br \/>\nM\u00e4eorg, Uno (University of Tartu, Estonia)<br \/>\nNainyte, Milda (Ludwig-Maximillians University, Germany)<br \/>\nNarczyk, Aleksandra (Institute of Organic Chemistry, Polish Academy of Science, Poland)<br \/>\nNarvaishs, Nauris (Latvian Institute of Organic Synthesis, Latvia)<br \/>\nNeni\u0161kis, Algridas (Vilnius University, Lithuania)<br \/>\nNerdinger, Sven (Sandoz GmbH, Austria)<br \/>\nNesvadba, Peter (BASF Schweiz AG, Switzerland)<br \/>\nNiidu, Allan (Tallinn University of Technology, Estonia)<br \/>\nNoole, Artur (Cambrex Tallinn, Estonia)<br \/>\nNorvai\u0161is, Simonas (Vilnius University, Lithuania)<br \/>\nNovikau, Ilya (Belarusian State University, Republic of Belarus)<br \/>\nNovosjolova, Irina (Riga Technical University, Latvia)<br \/>\nOrentas, Edvinas (Vilnius University, Lithuania)<br \/>\nO\u0161eka, Maksim (Tallinn University of Technology, Estonia)<br \/>\nPaju, Anne (Tallinn University of Technology, Estonia)<br \/>\nParkova, Anete (Latvian Institute of Organic Synthesis, Latvia)<br \/>\nPavlickova, Tereza (Institute of Organic Chemistry and Biochemistry of the CAS, Czech Republic)<br \/>\nPeleckis, Arturas (Kaunas University of Technology, Lithuania)<br \/>\nPesti, Jaan (EnginZyme AB, USA)<br \/>\nPeterson, Anna (Tallinn University of Technology, Estonia)<br \/>\nPetrenko, Alla (Latvian Institute of Organic Synthesis, Latvia)<br \/>\nPing, Kefeng (Tallinn University of Technology, Estonia)<br \/>\nPiotrkowska, Barbara (Selvita A.S., Poland)<br \/>\nPitts, Cody (ETH Z\u00fcrich, Switzerland)<br \/>\nPloom, Anu (University of Tartu, Estonia)<br \/>\nPonomarjovs, Jurijs (Latvian Institute of Organic Synthesis, Latvia)<br \/>\nPreegel, Gert (Tallinn University of Technology, Estonia)<br \/>\nPurins, Mikus (Riga Technical University, Latvia)<br \/>\nRaba, Grete (Tallinn University of Technology, Estonia)<br \/>\nRahu, Ida (University of Tartu, Estonia)<br \/>\nRasina, Dace (Latvian Institute of Organic Synthesis, Latvia)<br \/>\nRazmiene, Beatrice (Kaunas University of Technology, Lithuania)<br \/>\nRaudsepp, Jaak (Cold Spring Harbor, US)<br \/>\nReitel, K\u00e4rt (Tallinn University of Technology, Estonia)<br \/>\nRjabovs, Vitalijs (Riga Technical University, Latvia)<br \/>\nRomo, Ruben Martin (Iciq, Spain)<br \/>\nRossi, Federico Vittorio (University of Camerino, Italy)<br \/>\nRubulotta, Giuliana (Georg Thieme Verlag KG, Germany)<br \/>\nSakaine, Guna (Latvian Institute of Organic Chemistry, Latvia)<br \/>\nSakalauskas, Andrius (Chromsword, LAtvia)<br \/>\nScheidt, Karl (Northwestern University, USA)<br \/>\nSebris, Armands (Riga Technical University, Latvia)<br \/>\nSeeman, Jeffrey (University of Richmond, USA)<br \/>\nSejejs, Marcis (Latvian Institute of Organic Chemistry, Latvia)<br \/>\nShablykin, Oleh (Institute of Biorganic Chemistry and Petrochemistry of the National Academy of Sciences of Ukraine, Ukraine)<br \/>\nShortt De Hernandez, Fiona (Georg Thieme Verlag KG, Germany)<br \/>\nSilm, Estelle (Tallinn University of Technology, Estonia)<br \/>\nSirois, Lauren (Genentech, Inc., USA)<br \/>\nSisulins, Andrejs (Latvian Institute of Organic Synthesis, Latvia)<br \/>\nSkvorcova, Marija (Latvian Institute of Organic Synthesis, Latvia)<br \/>\nSmits, Gints (Latvian Institute of Organic Synthesis, Latvia)<br \/>\nSmits, Rufus (Latvian Institute of Organic Synthesis, Latvia)<br \/>\nSolovyev, Pavel (Moscow Technological University, Russia)<br \/>\nStakanovs, Georgijs (Latvian Institute of Organic Synthesis, Latvia)<br \/>\nStoetzner, Julia (Georg Thieme Verlag KG, Germany)<br \/>\nSuta, Krista (Riga Technical University, Latvia)<br \/>\n\u0160imek, Michal (Institute of Organic Chemistry and Biochemistry of the CAS, Czech Republic)<br \/>\n\u0160teinys, Lukas (Vilnius University, Lithuania)<br \/>\n\u0160ulgaite, Justina (Vilnius University, Lithuania)<br \/>\nZakis, Janis Mikelis (Riga Technical University, Latvia)<br \/>\n\u017dari, Sergei (University of Michigan, USA)<br \/>\nZogota, Rimants (Latvian Institute of Organic Synthesis, Latvia)<br \/>\nZurauskas, Jonas (Vilnius University, Lithuania)<br \/>\nTalvitie, Juulia (University of Helsinki, Finland)<br \/>\nTauraite, Daiva (Vilnius University, Lithuania)<br \/>\nTiruye, Hiwot M (University of Stavanger, Norway)<br \/>\nTiuchtaite, Adele (Vilnius University, Lithuania)<br \/>\nTodorov, Aleksandar (University of Helsinki, Finland)<br \/>\nTogni, Antonio (ETH Zurich, Switzerland)<br \/>\nTomson, Kristjan (Cambrex Tallinn, Estonia)<br \/>\nTona, Veronica (University of Vienna, Austria)<br \/>\nTrubits\u00f5n, Dmitry (Tallinn University of Technology, Estonia)<br \/>\nTurks, Maris (Riga Technical University, Latvia)<br \/>\nTyszka, Agata (Institute of Organic Chemistry, Polish Academy of Science, Poland)<br \/>\nUrbanaite, Aurelija (Vilnius University, Lithuania)<br \/>\nUrbonas, Rytis Vincetas (Vilnius University, Lithuania)<br \/>\nUstmul, Lukas (Tallinn University of Technology, Estonia)<br \/>\nVarlamova, Galina (Tallinn University of Technology, Estonia)<br \/>\nWasilek, Sylwia (Institute of Organic Chemistry, Polish Academy of Science, Poland)<br \/>\nVasilevska, Anna (Latvian Institute of Organic Synthesis, Latvia)<br \/>\nVasilyev, Aleksander (Saint Petersburg State Forest Technical University, Russia)<br \/>\nVaskeviciene, Irena (Kaunas University of Technology, Lithuania)<br \/>\nVeliks, Janis (Latvian Institute of Organic Synthesis, Latvia)<br \/>\nVeze, Krista (Latvian Institute of Organic Synthesis, Latvia)<br \/>\nWheelhouse, Katherine (GlaxoSmithKline, UK)<br \/>\nVillo Piret (University of Tartu, Estonia)<br \/>\nVi\u0161niakova, Sigita (Vilnius University, Lithuania)<br \/>\nYakimchyk, Viktoryia (Institute of Bioorganic Chemistry NASB, Republik of Belarus)<br \/>\nYu, Zhunzhun (Stockholm University, Sweden)<\/p>\n","protected":false},"excerpt":{"rendered":"<p>Participants list Aav, Riina (Tallinn University of Technology, Estonia) Abdurakhmanova, Esma (Institute of Biorganic Chemistry and Petrochemistry of the National [&hellip;]<\/p>\n","protected":false},"author":2,"featured_media":0,"parent":0,"menu_order":0,"comment_status":"closed","ping_status":"closed","template":"","meta":{"_acf_changed":false,"footnotes":""},"class_list":["post-1040","page","type-page","status-publish","hentry"],"acf":[],"yoast_head":"<!-- This site is optimized with the Yoast SEO plugin v26.8 - https:\/\/yoast.com\/product\/yoast-seo-wordpress\/ -->\n<title>Participants - BOS 2024<\/title>\n<meta name=\"robots\" content=\"index, follow, max-snippet:-1, max-image-preview:large, max-video-preview:-1\" \/>\n<link rel=\"canonical\" href=\"https:\/\/boschem.eu\/bos2024\/participants\/\" \/>\n<meta property=\"og:locale\" content=\"en_GB\" \/>\n<meta property=\"og:type\" content=\"article\" \/>\n<meta property=\"og:title\" content=\"Participants - BOS 2024\" \/>\n<meta property=\"og:description\" content=\"Participants list Aav, Riina (Tallinn University of Technology, Estonia) Abdurakhmanova, Esma (Institute of Biorganic Chemistry and Petrochemistry of the National [&hellip;]\" \/>\n<meta property=\"og:url\" content=\"https:\/\/boschem.eu\/bos2024\/participants\/\" \/>\n<meta property=\"og:site_name\" content=\"BOS 2024\" \/>\n<meta property=\"article:modified_time\" content=\"2018-06-19T10:11:19+00:00\" \/>\n<meta name=\"twitter:card\" content=\"summary_large_image\" \/>\n<meta name=\"twitter:label1\" content=\"Estimated reading time\" \/>\n\t<meta name=\"twitter:data1\" content=\"8 minutes\" \/>\n<script type=\"application\/ld+json\" class=\"yoast-schema-graph\">{\"@context\":\"https:\/\/schema.org\",\"@graph\":[{\"@type\":\"WebPage\",\"@id\":\"https:\/\/boschem.eu\/bos2024\/participants\/\",\"url\":\"https:\/\/boschem.eu\/bos2024\/participants\/\",\"name\":\"Participants - BOS 2024\",\"isPartOf\":{\"@id\":\"https:\/\/boschem.eu\/bos2024\/#website\"},\"datePublished\":\"2017-11-27T12:51:00+00:00\",\"dateModified\":\"2018-06-19T10:11:19+00:00\",\"breadcrumb\":{\"@id\":\"https:\/\/boschem.eu\/bos2024\/participants\/#breadcrumb\"},\"inLanguage\":\"en-GB\",\"potentialAction\":[{\"@type\":\"ReadAction\",\"target\":[\"https:\/\/boschem.eu\/bos2024\/participants\/\"]}]},{\"@type\":\"BreadcrumbList\",\"@id\":\"https:\/\/boschem.eu\/bos2024\/participants\/#breadcrumb\",\"itemListElement\":[{\"@type\":\"ListItem\",\"position\":1,\"name\":\"Home\",\"item\":\"https:\/\/boschem.eu\/bos2024\/\"},{\"@type\":\"ListItem\",\"position\":2,\"name\":\"Participants\"}]},{\"@type\":\"WebSite\",\"@id\":\"https:\/\/boschem.eu\/bos2024\/#website\",\"url\":\"https:\/\/boschem.eu\/bos2024\/\",\"name\":\"BOS 2024\",\"description\":\"\",\"publisher\":{\"@id\":\"https:\/\/boschem.eu\/bos2024\/#organization\"},\"potentialAction\":[{\"@type\":\"SearchAction\",\"target\":{\"@type\":\"EntryPoint\",\"urlTemplate\":\"https:\/\/boschem.eu\/bos2024\/?s={search_term_string}\"},\"query-input\":{\"@type\":\"PropertyValueSpecification\",\"valueRequired\":true,\"valueName\":\"search_term_string\"}}],\"inLanguage\":\"en-GB\"},{\"@type\":\"Organization\",\"@id\":\"https:\/\/boschem.eu\/bos2024\/#organization\",\"name\":\"BOS 2024\",\"url\":\"https:\/\/boschem.eu\/bos2024\/\",\"logo\":{\"@type\":\"ImageObject\",\"inLanguage\":\"en-GB\",\"@id\":\"https:\/\/boschem.eu\/bos2024\/#\/schema\/logo\/image\/\",\"url\":\"https:\/\/boschem.eu\/bos2024\/wp-content\/uploads\/sites\/5\/2023\/05\/BOS-2024-zils-Humant521BT.png\",\"contentUrl\":\"https:\/\/boschem.eu\/bos2024\/wp-content\/uploads\/sites\/5\/2023\/05\/BOS-2024-zils-Humant521BT.png\",\"width\":400,\"height\":30,\"caption\":\"BOS 2024\"},\"image\":{\"@id\":\"https:\/\/boschem.eu\/bos2024\/#\/schema\/logo\/image\/\"}}]}<\/script>\n<!-- \/ Yoast SEO plugin. -->","yoast_head_json":{"title":"Participants - BOS 2024","robots":{"index":"index","follow":"follow","max-snippet":"max-snippet:-1","max-image-preview":"max-image-preview:large","max-video-preview":"max-video-preview:-1"},"canonical":"https:\/\/boschem.eu\/bos2024\/participants\/","og_locale":"en_GB","og_type":"article","og_title":"Participants - BOS 2024","og_description":"Participants list Aav, Riina (Tallinn University of Technology, Estonia) Abdurakhmanova, Esma (Institute of Biorganic Chemistry and Petrochemistry of the National [&hellip;]","og_url":"https:\/\/boschem.eu\/bos2024\/participants\/","og_site_name":"BOS 2024","article_modified_time":"2018-06-19T10:11:19+00:00","twitter_card":"summary_large_image","twitter_misc":{"Estimated reading time":"8 minutes"},"schema":{"@context":"https:\/\/schema.org","@graph":[{"@type":"WebPage","@id":"https:\/\/boschem.eu\/bos2024\/participants\/","url":"https:\/\/boschem.eu\/bos2024\/participants\/","name":"Participants - BOS 2024","isPartOf":{"@id":"https:\/\/boschem.eu\/bos2024\/#website"},"datePublished":"2017-11-27T12:51:00+00:00","dateModified":"2018-06-19T10:11:19+00:00","breadcrumb":{"@id":"https:\/\/boschem.eu\/bos2024\/participants\/#breadcrumb"},"inLanguage":"en-GB","potentialAction":[{"@type":"ReadAction","target":["https:\/\/boschem.eu\/bos2024\/participants\/"]}]},{"@type":"BreadcrumbList","@id":"https:\/\/boschem.eu\/bos2024\/participants\/#breadcrumb","itemListElement":[{"@type":"ListItem","position":1,"name":"Home","item":"https:\/\/boschem.eu\/bos2024\/"},{"@type":"ListItem","position":2,"name":"Participants"}]},{"@type":"WebSite","@id":"https:\/\/boschem.eu\/bos2024\/#website","url":"https:\/\/boschem.eu\/bos2024\/","name":"BOS 2024","description":"","publisher":{"@id":"https:\/\/boschem.eu\/bos2024\/#organization"},"potentialAction":[{"@type":"SearchAction","target":{"@type":"EntryPoint","urlTemplate":"https:\/\/boschem.eu\/bos2024\/?s={search_term_string}"},"query-input":{"@type":"PropertyValueSpecification","valueRequired":true,"valueName":"search_term_string"}}],"inLanguage":"en-GB"},{"@type":"Organization","@id":"https:\/\/boschem.eu\/bos2024\/#organization","name":"BOS 2024","url":"https:\/\/boschem.eu\/bos2024\/","logo":{"@type":"ImageObject","inLanguage":"en-GB","@id":"https:\/\/boschem.eu\/bos2024\/#\/schema\/logo\/image\/","url":"https:\/\/boschem.eu\/bos2024\/wp-content\/uploads\/sites\/5\/2023\/05\/BOS-2024-zils-Humant521BT.png","contentUrl":"https:\/\/boschem.eu\/bos2024\/wp-content\/uploads\/sites\/5\/2023\/05\/BOS-2024-zils-Humant521BT.png","width":400,"height":30,"caption":"BOS 2024"},"image":{"@id":"https:\/\/boschem.eu\/bos2024\/#\/schema\/logo\/image\/"}}]}},"_links":{"self":[{"href":"https:\/\/boschem.eu\/bos2024\/wp-json\/wp\/v2\/pages\/1040","targetHints":{"allow":["GET"]}}],"collection":[{"href":"https:\/\/boschem.eu\/bos2024\/wp-json\/wp\/v2\/pages"}],"about":[{"href":"https:\/\/boschem.eu\/bos2024\/wp-json\/wp\/v2\/types\/page"}],"author":[{"embeddable":true,"href":"https:\/\/boschem.eu\/bos2024\/wp-json\/wp\/v2\/users\/2"}],"replies":[{"embeddable":true,"href":"https:\/\/boschem.eu\/bos2024\/wp-json\/wp\/v2\/comments?post=1040"}],"version-history":[{"count":47,"href":"https:\/\/boschem.eu\/bos2024\/wp-json\/wp\/v2\/pages\/1040\/revisions"}],"predecessor-version":[{"id":1467,"href":"https:\/\/boschem.eu\/bos2024\/wp-json\/wp\/v2\/pages\/1040\/revisions\/1467"}],"wp:attachment":[{"href":"https:\/\/boschem.eu\/bos2024\/wp-json\/wp\/v2\/media?parent=1040"}],"curies":[{"name":"wp","href":"https:\/\/api.w.org\/{rel}","templated":true}]}}