{"id":994,"date":"2017-10-31T15:05:10","date_gmt":"2017-10-31T13:05:10","guid":{"rendered":"https:\/\/boschem.eu\/bos2020\/?page_id=994"},"modified":"2018-06-27T16:29:05","modified_gmt":"2018-06-27T13:29:05","slug":"abstracts","status":"publish","type":"page","link":"https:\/\/boschem.eu\/bos2022\/abstracts\/","title":{"rendered":"Abstract submission"},"content":{"rendered":"<p><strong>1 November 2017<\/strong>: abstract submission opens<br \/>\n<strong>15 May 2018<\/strong>: deadline for abstract submission<\/p>\n<p>The conference will have two poster sessions: on July 2 (odd numbers) and on July 3 (even numbers).<\/p>\n<p>All posters should be mounted on Monday (July 2) morning and removed on Tuesday (July 3) evening. All supplies necessary to set up the posters will be provided by the conference organizers. The number of each poster stand will be identified by the abstract number published in the Abstract Book.<\/p>\n<p>The best poster presenters will receive the Thieme Verlag awards based on evaluation of the scientific committee.<\/p>\n<p>&nbsp;<\/p>\n<p>Abstract submission is closed.<\/p>\n<p>If you have questions about List of Approved Posters, please contact Dr Kadri Kriis (<a href=\"mailto:kadri.kriis@ttu.ee\">kadri.kriis@ttu.ee<\/a>).<\/p>\n<h2>List of approved posters<\/h2>\n<p>Fabian Blume<br \/>\nZbyn\u011bk Br\u016f\u017ea<br \/>\nSylwester Doma\u0144ski<br \/>\nBirute Grybaite<br \/>\nChristina J\u00e4ger<br \/>\nYu-Chang Liu<br \/>\nJanne Naapuri<br \/>\nPrzemys\u0142aw \u015amiglarski<br \/>\nSylwia Wasi\u0142ek<br \/>\nNorbert Wolan<\/p>\n","protected":false},"excerpt":{"rendered":"<p>1 November 2017: abstract submission opens 15 May 2018: deadline for abstract submission The conference will have two poster sessions: [&hellip;]<\/p>\n","protected":false},"author":1,"featured_media":0,"parent":0,"menu_order":0,"comment_status":"closed","ping_status":"closed","template":"abstracts-landing.php","meta":{"_acf_changed":false,"footnotes":""},"class_list":["post-994","page","type-page","status-publish","hentry"],"acf":[],"yoast_head":"<!-- This site is optimized with the Yoast SEO plugin v26.8 - https:\/\/yoast.com\/product\/yoast-seo-wordpress\/ -->\n<title>Abstract submission - BOS 2022<\/title>\n<meta name=\"robots\" content=\"index, follow, max-snippet:-1, max-image-preview:large, max-video-preview:-1\" \/>\n<link rel=\"canonical\" href=\"https:\/\/boschem.eu\/bos2022\/abstracts\/\" \/>\n<meta property=\"og:locale\" content=\"en_GB\" \/>\n<meta property=\"og:type\" content=\"article\" \/>\n<meta property=\"og:title\" content=\"Abstract submission - BOS 2022\" \/>\n<meta property=\"og:description\" content=\"1 November 2017: abstract submission opens 15 May 2018: deadline for abstract submission The conference will have two poster sessions: [&hellip;]\" \/>\n<meta property=\"og:url\" content=\"https:\/\/boschem.eu\/bos2022\/abstracts\/\" \/>\n<meta property=\"og:site_name\" content=\"BOS 2022\" \/>\n<meta property=\"article:modified_time\" content=\"2018-06-27T13:29:05+00:00\" \/>\n<meta name=\"twitter:card\" content=\"summary_large_image\" \/>\n<meta name=\"twitter:label1\" content=\"Estimated reading time\" \/>\n\t<meta name=\"twitter:data1\" content=\"1 minute\" \/>\n<script type=\"application\/ld+json\" class=\"yoast-schema-graph\">{\"@context\":\"https:\/\/schema.org\",\"@graph\":[{\"@type\":\"WebPage\",\"@id\":\"https:\/\/boschem.eu\/bos2022\/abstracts\/\",\"url\":\"https:\/\/boschem.eu\/bos2022\/abstracts\/\",\"name\":\"Abstract submission - BOS 2022\",\"isPartOf\":{\"@id\":\"https:\/\/boschem.eu\/bos2022\/#website\"},\"datePublished\":\"2017-10-31T13:05:10+00:00\",\"dateModified\":\"2018-06-27T13:29:05+00:00\",\"breadcrumb\":{\"@id\":\"https:\/\/boschem.eu\/bos2022\/abstracts\/#breadcrumb\"},\"inLanguage\":\"en-GB\",\"potentialAction\":[{\"@type\":\"ReadAction\",\"target\":[\"https:\/\/boschem.eu\/bos2022\/abstracts\/\"]}]},{\"@type\":\"BreadcrumbList\",\"@id\":\"https:\/\/boschem.eu\/bos2022\/abstracts\/#breadcrumb\",\"itemListElement\":[{\"@type\":\"ListItem\",\"position\":1,\"name\":\"Home\",\"item\":\"https:\/\/boschem.eu\/bos2022\/\"},{\"@type\":\"ListItem\",\"position\":2,\"name\":\"Abstract submission\"}]},{\"@type\":\"WebSite\",\"@id\":\"https:\/\/boschem.eu\/bos2022\/#website\",\"url\":\"https:\/\/boschem.eu\/bos2022\/\",\"name\":\"BOS 2022\",\"description\":\"\",\"publisher\":{\"@id\":\"https:\/\/boschem.eu\/bos2022\/#organization\"},\"potentialAction\":[{\"@type\":\"SearchAction\",\"target\":{\"@type\":\"EntryPoint\",\"urlTemplate\":\"https:\/\/boschem.eu\/bos2022\/?s={search_term_string}\"},\"query-input\":{\"@type\":\"PropertyValueSpecification\",\"valueRequired\":true,\"valueName\":\"search_term_string\"}}],\"inLanguage\":\"en-GB\"},{\"@type\":\"Organization\",\"@id\":\"https:\/\/boschem.eu\/bos2022\/#organization\",\"name\":\"BOS 2022\",\"url\":\"https:\/\/boschem.eu\/bos2022\/\",\"logo\":{\"@type\":\"ImageObject\",\"inLanguage\":\"en-GB\",\"@id\":\"https:\/\/boschem.eu\/bos2022\/#\/schema\/logo\/image\/\",\"url\":\"https:\/\/boschem.eu\/bos2022\/wp-content\/uploads\/sites\/4\/2022\/02\/Balticum-Organicum-Syntheticum-2022.png\",\"contentUrl\":\"https:\/\/boschem.eu\/bos2022\/wp-content\/uploads\/sites\/4\/2022\/02\/Balticum-Organicum-Syntheticum-2022.png\",\"width\":395,\"height\":40,\"caption\":\"BOS 2022\"},\"image\":{\"@id\":\"https:\/\/boschem.eu\/bos2022\/#\/schema\/logo\/image\/\"}}]}<\/script>\n<!-- \/ Yoast SEO plugin. -->","yoast_head_json":{"title":"Abstract submission - BOS 2022","robots":{"index":"index","follow":"follow","max-snippet":"max-snippet:-1","max-image-preview":"max-image-preview:large","max-video-preview":"max-video-preview:-1"},"canonical":"https:\/\/boschem.eu\/bos2022\/abstracts\/","og_locale":"en_GB","og_type":"article","og_title":"Abstract submission - BOS 2022","og_description":"1 November 2017: abstract submission opens 15 May 2018: deadline for abstract submission The conference will have two poster sessions: [&hellip;]","og_url":"https:\/\/boschem.eu\/bos2022\/abstracts\/","og_site_name":"BOS 2022","article_modified_time":"2018-06-27T13:29:05+00:00","twitter_card":"summary_large_image","twitter_misc":{"Estimated reading time":"1 minute"},"schema":{"@context":"https:\/\/schema.org","@graph":[{"@type":"WebPage","@id":"https:\/\/boschem.eu\/bos2022\/abstracts\/","url":"https:\/\/boschem.eu\/bos2022\/abstracts\/","name":"Abstract submission - BOS 2022","isPartOf":{"@id":"https:\/\/boschem.eu\/bos2022\/#website"},"datePublished":"2017-10-31T13:05:10+00:00","dateModified":"2018-06-27T13:29:05+00:00","breadcrumb":{"@id":"https:\/\/boschem.eu\/bos2022\/abstracts\/#breadcrumb"},"inLanguage":"en-GB","potentialAction":[{"@type":"ReadAction","target":["https:\/\/boschem.eu\/bos2022\/abstracts\/"]}]},{"@type":"BreadcrumbList","@id":"https:\/\/boschem.eu\/bos2022\/abstracts\/#breadcrumb","itemListElement":[{"@type":"ListItem","position":1,"name":"Home","item":"https:\/\/boschem.eu\/bos2022\/"},{"@type":"ListItem","position":2,"name":"Abstract submission"}]},{"@type":"WebSite","@id":"https:\/\/boschem.eu\/bos2022\/#website","url":"https:\/\/boschem.eu\/bos2022\/","name":"BOS 2022","description":"","publisher":{"@id":"https:\/\/boschem.eu\/bos2022\/#organization"},"potentialAction":[{"@type":"SearchAction","target":{"@type":"EntryPoint","urlTemplate":"https:\/\/boschem.eu\/bos2022\/?s={search_term_string}"},"query-input":{"@type":"PropertyValueSpecification","valueRequired":true,"valueName":"search_term_string"}}],"inLanguage":"en-GB"},{"@type":"Organization","@id":"https:\/\/boschem.eu\/bos2022\/#organization","name":"BOS 2022","url":"https:\/\/boschem.eu\/bos2022\/","logo":{"@type":"ImageObject","inLanguage":"en-GB","@id":"https:\/\/boschem.eu\/bos2022\/#\/schema\/logo\/image\/","url":"https:\/\/boschem.eu\/bos2022\/wp-content\/uploads\/sites\/4\/2022\/02\/Balticum-Organicum-Syntheticum-2022.png","contentUrl":"https:\/\/boschem.eu\/bos2022\/wp-content\/uploads\/sites\/4\/2022\/02\/Balticum-Organicum-Syntheticum-2022.png","width":395,"height":40,"caption":"BOS 2022"},"image":{"@id":"https:\/\/boschem.eu\/bos2022\/#\/schema\/logo\/image\/"}}]}},"_links":{"self":[{"href":"https:\/\/boschem.eu\/bos2022\/wp-json\/wp\/v2\/pages\/994","targetHints":{"allow":["GET"]}}],"collection":[{"href":"https:\/\/boschem.eu\/bos2022\/wp-json\/wp\/v2\/pages"}],"about":[{"href":"https:\/\/boschem.eu\/bos2022\/wp-json\/wp\/v2\/types\/page"}],"author":[{"embeddable":true,"href":"https:\/\/boschem.eu\/bos2022\/wp-json\/wp\/v2\/users\/1"}],"replies":[{"embeddable":true,"href":"https:\/\/boschem.eu\/bos2022\/wp-json\/wp\/v2\/comments?post=994"}],"version-history":[{"count":10,"href":"https:\/\/boschem.eu\/bos2022\/wp-json\/wp\/v2\/pages\/994\/revisions"}],"predecessor-version":[{"id":1490,"href":"https:\/\/boschem.eu\/bos2022\/wp-json\/wp\/v2\/pages\/994\/revisions\/1490"}],"wp:attachment":[{"href":"https:\/\/boschem.eu\/bos2022\/wp-json\/wp\/v2\/media?parent=994"}],"curies":[{"name":"wp","href":"https:\/\/api.w.org\/{rel}","templated":true}]}}