{"id":2068,"date":"2019-10-28T13:32:36","date_gmt":"2019-10-28T11:32:36","guid":{"rendered":"https:\/\/boschem.eu\/bos2020\/?page_id=2068"},"modified":"2022-04-20T15:15:10","modified_gmt":"2022-04-20T12:15:10","slug":"bill-morandi-2","status":"publish","type":"page","link":"https:\/\/boschem.eu\/bos2022\/speakers\/bill-morandi-2\/","title":{"rendered":"Bill Morandi"},"content":{"rendered":"<div id=\"pl-2068\"  class=\"panel-layout\" ><div id=\"pg-2068-0\"  class=\"panel-grid panel-has-style\" ><div class=\"panel-row-style panel-row-style-for-2068-0\" ><div id=\"pgc-2068-0-0\"  class=\"panel-grid-cell\" ><div id=\"panel-2068-0-0-0\" class=\"so-panel widget widget_themegrill_flash_heading tg-widget section-title-wrapper panel-first-child panel-last-child\" data-index=\"0\" >\t<h3 class=\"section-title\">Bill Morandi<\/h3>\n<\/div><\/div><\/div><\/div><div id=\"pg-2068-1\"  class=\"panel-grid panel-has-style\" ><div class=\"panel-row-style panel-row-style-for-2068-1\" ><div id=\"pgc-2068-1-0\"  class=\"panel-grid-cell\" ><div id=\"panel-2068-1-0-0\" class=\"so-panel widget widget_media_image panel-first-child panel-last-child\" data-index=\"1\" ><img loading=\"lazy\" decoding=\"async\" width=\"178\" height=\"178\" src=\"https:\/\/boschem.eu\/bos2022\/wp-content\/uploads\/sites\/4\/2017\/08\/Bill-Morandi-.png\" class=\"image wp-image-2065  attachment-full size-full\" alt=\"\" style=\"max-width: 100%; height: auto;\" srcset=\"https:\/\/boschem.eu\/bos2022\/wp-content\/uploads\/sites\/4\/2017\/08\/Bill-Morandi-.png 178w, https:\/\/boschem.eu\/bos2022\/wp-content\/uploads\/sites\/4\/2017\/08\/Bill-Morandi--150x150.png 150w\" sizes=\"auto, (max-width: 178px) 100vw, 178px\" \/><\/div><\/div><div id=\"pgc-2068-1-1\"  class=\"panel-grid-cell\" ><div id=\"panel-2068-1-1-0\" class=\"so-panel widget widget_black-studio-tinymce widget_black_studio_tinymce panel-first-child panel-last-child\" data-index=\"2\" ><h3 class=\"widget-title\">Shuttle Catalysis \u2013 a Conceptual Blueprint for Reversible Functional Group Transfer<\/h3><div class=\"textwidget\"><p><\/a><br \/>\nProfessor Bill Morandi studied at ETH Z\u00fcrich (2003\u20132008), receiving a BSc in Biology and a MSc in Chemical Biology. From 2008 to 2012, he pursued his PhD in organic synthesis at the same institution in the labs of Professor Erick M. Carreira. Afterwards, he moved to the California Institute of Technology (Pasadena, CA) for a postdoctoral stay with Professor Robert H. Grubbs. From 2014 to 2018, he was an independent Max Planck Research Group Leader at the Max-Planck-Institut f\u00fcr Kohlenforschung (M\u00fclheim, Germany), before subsequently returning to ETH Z\u00fcrich as a Professor in 2018. He is currently Full Professor of Synthetic Organic Chemistry and heads the Institute of Organic Chemistry (Laboratorium f\u00fcr Organische Chemie) at ETH Z\u00fcrich. His research program targets the design and development of new catalytic reactions for the synthesis of small molecules and materials, as well as the valorization of renewable feedstocks and waste material. He has received numerous awards, among them a Novartis Early Career Award in Organic Chemistry, the Carl Duisberg Memorial Prize from the German Chemical Society and a selection as a C&amp;EN's Talented 12. He is currently an Associate Editor for Organic Chemistry Frontiers, a journal from the Royal Society of Chemistry.<\/p>\n<p>To download the abstract, please click\u00a0<a href=\"https:\/\/boschem.eu\/bos2020\/wp-content\/uploads\/sites\/4\/2019\/10\/2020-01-29-Bill-Morandi.pdf\" target=\"_blank\" rel=\"noopener\">HERE.<\/a><\/p>\n<\/div><\/div><\/div><\/div><\/div><\/div>","protected":false},"excerpt":{"rendered":"<p>Professor Bill Morandi studied at ETH Z\u00fcrich (2003\u20132008), receiving a BSc in Biology and a MSc in Chemical Biology. From [&hellip;]<\/p>\n","protected":false},"author":213,"featured_media":0,"parent":644,"menu_order":0,"comment_status":"closed","ping_status":"closed","template":"","meta":{"_acf_changed":false,"footnotes":""},"class_list":["post-2068","page","type-page","status-publish","hentry"],"acf":[],"yoast_head":"<!-- This site is optimized with the Yoast SEO plugin v26.8 - https:\/\/yoast.com\/product\/yoast-seo-wordpress\/ -->\n<title>Bill Morandi - BOS 2022<\/title>\n<meta name=\"robots\" content=\"index, follow, max-snippet:-1, max-image-preview:large, max-video-preview:-1\" \/>\n<link rel=\"canonical\" href=\"https:\/\/boschem.eu\/bos2022\/speakers\/bill-morandi-2\/\" \/>\n<meta property=\"og:locale\" content=\"en_GB\" \/>\n<meta property=\"og:type\" content=\"article\" \/>\n<meta property=\"og:title\" content=\"Bill Morandi - BOS 2022\" \/>\n<meta property=\"og:description\" content=\"Professor Bill Morandi studied at ETH Z\u00fcrich (2003\u20132008), receiving a BSc in Biology and a MSc in Chemical Biology. From [&hellip;]\" \/>\n<meta property=\"og:url\" content=\"https:\/\/boschem.eu\/bos2022\/speakers\/bill-morandi-2\/\" \/>\n<meta property=\"og:site_name\" content=\"BOS 2022\" \/>\n<meta property=\"article:modified_time\" content=\"2022-04-20T12:15:10+00:00\" \/>\n<meta name=\"twitter:card\" content=\"summary_large_image\" \/>\n<meta name=\"twitter:label1\" content=\"Estimated reading time\" \/>\n\t<meta name=\"twitter:data1\" content=\"1 minute\" \/>\n<script type=\"application\/ld+json\" class=\"yoast-schema-graph\">{\"@context\":\"https:\/\/schema.org\",\"@graph\":[{\"@type\":\"WebPage\",\"@id\":\"https:\/\/boschem.eu\/bos2022\/speakers\/bill-morandi-2\/\",\"url\":\"https:\/\/boschem.eu\/bos2022\/speakers\/bill-morandi-2\/\",\"name\":\"Bill Morandi - BOS 2022\",\"isPartOf\":{\"@id\":\"https:\/\/boschem.eu\/bos2022\/#website\"},\"datePublished\":\"2019-10-28T11:32:36+00:00\",\"dateModified\":\"2022-04-20T12:15:10+00:00\",\"breadcrumb\":{\"@id\":\"https:\/\/boschem.eu\/bos2022\/speakers\/bill-morandi-2\/#breadcrumb\"},\"inLanguage\":\"en-GB\",\"potentialAction\":[{\"@type\":\"ReadAction\",\"target\":[\"https:\/\/boschem.eu\/bos2022\/speakers\/bill-morandi-2\/\"]}]},{\"@type\":\"BreadcrumbList\",\"@id\":\"https:\/\/boschem.eu\/bos2022\/speakers\/bill-morandi-2\/#breadcrumb\",\"itemListElement\":[{\"@type\":\"ListItem\",\"position\":1,\"name\":\"Home\",\"item\":\"https:\/\/boschem.eu\/bos2022\/\"},{\"@type\":\"ListItem\",\"position\":2,\"name\":\"Speakers\",\"item\":\"https:\/\/boschem.eu\/bos2022\/speakers\/\"},{\"@type\":\"ListItem\",\"position\":3,\"name\":\"Bill Morandi\"}]},{\"@type\":\"WebSite\",\"@id\":\"https:\/\/boschem.eu\/bos2022\/#website\",\"url\":\"https:\/\/boschem.eu\/bos2022\/\",\"name\":\"BOS 2022\",\"description\":\"\",\"publisher\":{\"@id\":\"https:\/\/boschem.eu\/bos2022\/#organization\"},\"potentialAction\":[{\"@type\":\"SearchAction\",\"target\":{\"@type\":\"EntryPoint\",\"urlTemplate\":\"https:\/\/boschem.eu\/bos2022\/?s={search_term_string}\"},\"query-input\":{\"@type\":\"PropertyValueSpecification\",\"valueRequired\":true,\"valueName\":\"search_term_string\"}}],\"inLanguage\":\"en-GB\"},{\"@type\":\"Organization\",\"@id\":\"https:\/\/boschem.eu\/bos2022\/#organization\",\"name\":\"BOS 2022\",\"url\":\"https:\/\/boschem.eu\/bos2022\/\",\"logo\":{\"@type\":\"ImageObject\",\"inLanguage\":\"en-GB\",\"@id\":\"https:\/\/boschem.eu\/bos2022\/#\/schema\/logo\/image\/\",\"url\":\"https:\/\/boschem.eu\/bos2022\/wp-content\/uploads\/sites\/4\/2022\/02\/Balticum-Organicum-Syntheticum-2022.png\",\"contentUrl\":\"https:\/\/boschem.eu\/bos2022\/wp-content\/uploads\/sites\/4\/2022\/02\/Balticum-Organicum-Syntheticum-2022.png\",\"width\":395,\"height\":40,\"caption\":\"BOS 2022\"},\"image\":{\"@id\":\"https:\/\/boschem.eu\/bos2022\/#\/schema\/logo\/image\/\"}}]}<\/script>\n<!-- \/ Yoast SEO plugin. -->","yoast_head_json":{"title":"Bill Morandi - BOS 2022","robots":{"index":"index","follow":"follow","max-snippet":"max-snippet:-1","max-image-preview":"max-image-preview:large","max-video-preview":"max-video-preview:-1"},"canonical":"https:\/\/boschem.eu\/bos2022\/speakers\/bill-morandi-2\/","og_locale":"en_GB","og_type":"article","og_title":"Bill Morandi - BOS 2022","og_description":"Professor Bill Morandi studied at ETH Z\u00fcrich (2003\u20132008), receiving a BSc in Biology and a MSc in Chemical Biology. From [&hellip;]","og_url":"https:\/\/boschem.eu\/bos2022\/speakers\/bill-morandi-2\/","og_site_name":"BOS 2022","article_modified_time":"2022-04-20T12:15:10+00:00","twitter_card":"summary_large_image","twitter_misc":{"Estimated reading time":"1 minute"},"schema":{"@context":"https:\/\/schema.org","@graph":[{"@type":"WebPage","@id":"https:\/\/boschem.eu\/bos2022\/speakers\/bill-morandi-2\/","url":"https:\/\/boschem.eu\/bos2022\/speakers\/bill-morandi-2\/","name":"Bill Morandi - BOS 2022","isPartOf":{"@id":"https:\/\/boschem.eu\/bos2022\/#website"},"datePublished":"2019-10-28T11:32:36+00:00","dateModified":"2022-04-20T12:15:10+00:00","breadcrumb":{"@id":"https:\/\/boschem.eu\/bos2022\/speakers\/bill-morandi-2\/#breadcrumb"},"inLanguage":"en-GB","potentialAction":[{"@type":"ReadAction","target":["https:\/\/boschem.eu\/bos2022\/speakers\/bill-morandi-2\/"]}]},{"@type":"BreadcrumbList","@id":"https:\/\/boschem.eu\/bos2022\/speakers\/bill-morandi-2\/#breadcrumb","itemListElement":[{"@type":"ListItem","position":1,"name":"Home","item":"https:\/\/boschem.eu\/bos2022\/"},{"@type":"ListItem","position":2,"name":"Speakers","item":"https:\/\/boschem.eu\/bos2022\/speakers\/"},{"@type":"ListItem","position":3,"name":"Bill Morandi"}]},{"@type":"WebSite","@id":"https:\/\/boschem.eu\/bos2022\/#website","url":"https:\/\/boschem.eu\/bos2022\/","name":"BOS 2022","description":"","publisher":{"@id":"https:\/\/boschem.eu\/bos2022\/#organization"},"potentialAction":[{"@type":"SearchAction","target":{"@type":"EntryPoint","urlTemplate":"https:\/\/boschem.eu\/bos2022\/?s={search_term_string}"},"query-input":{"@type":"PropertyValueSpecification","valueRequired":true,"valueName":"search_term_string"}}],"inLanguage":"en-GB"},{"@type":"Organization","@id":"https:\/\/boschem.eu\/bos2022\/#organization","name":"BOS 2022","url":"https:\/\/boschem.eu\/bos2022\/","logo":{"@type":"ImageObject","inLanguage":"en-GB","@id":"https:\/\/boschem.eu\/bos2022\/#\/schema\/logo\/image\/","url":"https:\/\/boschem.eu\/bos2022\/wp-content\/uploads\/sites\/4\/2022\/02\/Balticum-Organicum-Syntheticum-2022.png","contentUrl":"https:\/\/boschem.eu\/bos2022\/wp-content\/uploads\/sites\/4\/2022\/02\/Balticum-Organicum-Syntheticum-2022.png","width":395,"height":40,"caption":"BOS 2022"},"image":{"@id":"https:\/\/boschem.eu\/bos2022\/#\/schema\/logo\/image\/"}}]}},"_links":{"self":[{"href":"https:\/\/boschem.eu\/bos2022\/wp-json\/wp\/v2\/pages\/2068","targetHints":{"allow":["GET"]}}],"collection":[{"href":"https:\/\/boschem.eu\/bos2022\/wp-json\/wp\/v2\/pages"}],"about":[{"href":"https:\/\/boschem.eu\/bos2022\/wp-json\/wp\/v2\/types\/page"}],"author":[{"embeddable":true,"href":"https:\/\/boschem.eu\/bos2022\/wp-json\/wp\/v2\/users\/213"}],"replies":[{"embeddable":true,"href":"https:\/\/boschem.eu\/bos2022\/wp-json\/wp\/v2\/comments?post=2068"}],"version-history":[{"count":17,"href":"https:\/\/boschem.eu\/bos2022\/wp-json\/wp\/v2\/pages\/2068\/revisions"}],"predecessor-version":[{"id":3531,"href":"https:\/\/boschem.eu\/bos2022\/wp-json\/wp\/v2\/pages\/2068\/revisions\/3531"}],"up":[{"embeddable":true,"href":"https:\/\/boschem.eu\/bos2022\/wp-json\/wp\/v2\/pages\/644"}],"wp:attachment":[{"href":"https:\/\/boschem.eu\/bos2022\/wp-json\/wp\/v2\/media?parent=2068"}],"curies":[{"name":"wp","href":"https:\/\/api.w.org\/{rel}","templated":true}]}}