{"id":1801,"date":"2019-07-05T14:45:38","date_gmt":"2019-07-05T11:45:38","guid":{"rendered":"https:\/\/boschem.eu\/bos2020\/?page_id=1801"},"modified":"2022-02-25T15:07:09","modified_gmt":"2022-02-25T13:07:09","slug":"martin-oestreich","status":"publish","type":"page","link":"https:\/\/boschem.eu\/bos2022\/speakers\/martin-oestreich\/","title":{"rendered":"Martin Oestreich"},"content":{"rendered":"<div id=\"pl-1801\"  class=\"panel-layout\" ><div id=\"pg-1801-0\"  class=\"panel-grid panel-has-style\" ><div class=\"panel-row-style panel-row-style-for-1801-0\" ><div id=\"pgc-1801-0-0\"  class=\"panel-grid-cell\" ><div id=\"panel-1801-0-0-0\" class=\"so-panel widget widget_themegrill_flash_heading tg-widget section-title-wrapper panel-first-child panel-last-child\" data-index=\"0\" >\t<h3 class=\"section-title\">Martin Oestreich<\/h3>\n<\/div><\/div><\/div><\/div><div id=\"pg-1801-1\"  class=\"panel-grid panel-has-style\" ><div class=\"panel-row-style panel-row-style-for-1801-1\" ><div id=\"pgc-1801-1-0\"  class=\"panel-grid-cell\" ><div id=\"panel-1801-1-0-0\" class=\"so-panel widget widget_media_image panel-first-child panel-last-child\" data-index=\"1\" ><img loading=\"lazy\" decoding=\"async\" width=\"178\" height=\"178\" src=\"https:\/\/boschem.eu\/bos2022\/wp-content\/uploads\/sites\/4\/2017\/08\/owWJS63s.png\" class=\"image wp-image-1685  attachment-full size-full\" alt=\"\" style=\"max-width: 100%; height: auto;\" srcset=\"https:\/\/boschem.eu\/bos2022\/wp-content\/uploads\/sites\/4\/2017\/08\/owWJS63s.png 178w, https:\/\/boschem.eu\/bos2022\/wp-content\/uploads\/sites\/4\/2017\/08\/owWJS63s-150x150.png 150w\" sizes=\"auto, (max-width: 178px) 100vw, 178px\" \/><\/div><\/div><div id=\"pgc-1801-1-1\"  class=\"panel-grid-cell\" ><div id=\"panel-1801-1-1-0\" class=\"so-panel widget widget_black-studio-tinymce widget_black_studio_tinymce panel-first-child panel-last-child\" data-index=\"2\" ><h3 class=\"widget-title\">C(sp3)\u2013Si CROSS-COUPLING <\/h3><div class=\"textwidget\"><\/p>\n<p><strong>Thieme Plenary Lecture<\/strong><\/p>\n<p>Born in 1971 in Pforzheim, Germany. He is Professor of Organic Chemistry at the Technische Universit\u00e4t Berlin. He received his diploma degree with Paul Knochel (Marburg, 1996) and his doctoral degree with Dieter Hoppe (M\u00fcnster, 1999). After a two-year postdoctoral stint with Larry E. Overman (Irvine, 1999-2001), he completed his habilitation with Reinhard Br\u00fcckner (Freiburg, 2001-2005) and was appointed as Professor of Organic Chemistry at the Westf\u00e4lische Wilhelms-Universit\u00e4t M\u00fcnster (2006-2011).\u00a0\u00a0He also held visiting positions at Cardiff University in Wales (2005), at The Australian National University in Canberra (2010), and at Kyoto University (2018). Martin recently received the Wacker Silicone Award 2021.<\/p>\n<p>***<br \/>\n<em>About Prof. M. Oestreich's work:<\/em><\/p>\n<p><em>The Oestreich research group made fundamental contributions to catalytic carbon\u2012silicon bond formation with nucleophilic and, likewise, electrophilic silicon reagents. Martin Oestreich is probably best known for the work in silylium-ion chemistry. Recent accomplishments of in the Oestreich laboratories include Friedel\u2012Crafts-type C\u2012H silylation, transfer hydrosilylation, and kinetic resolution of alcohols by enantioselective silylation.<\/em><\/p>\n<p><a href=\"https:\/\/boschem.eu\/bos2020\/wp-content\/uploads\/sites\/4\/2019\/07\/Martin-Oestreich-bio.pdf\" target=\"_blank\" rel=\"noopener\"> Curriculum Vitae<\/a><a href=\"https:\/\/boschem.eu\/bos2020\/wp-content\/uploads\/sites\/4\/2019\/07\/Martin-Oestreich-bio.pdf\"><br \/>\n<\/a>To download the abstract, please click <a href=\"https:\/\/boschem.eu\/bos2022\/wp-content\/uploads\/sites\/4\/2021\/11\/BOS_2022_Abstract_Oestreich_UPDATED-1.pdf\">HERE<\/a><\/p>\n<\/div><\/div><\/div><\/div><\/div><\/div>","protected":false},"excerpt":{"rendered":"<p>Thieme Plenary Lecture Born in 1971 in Pforzheim, Germany. He is Professor of Organic Chemistry at the Technische Universit\u00e4t Berlin. [&hellip;]<\/p>\n","protected":false},"author":213,"featured_media":0,"parent":644,"menu_order":0,"comment_status":"closed","ping_status":"closed","template":"","meta":{"_acf_changed":false,"footnotes":""},"class_list":["post-1801","page","type-page","status-publish","hentry"],"acf":[],"yoast_head":"<!-- This site is optimized with the Yoast SEO plugin v26.8 - https:\/\/yoast.com\/product\/yoast-seo-wordpress\/ -->\n<title>Martin Oestreich - BOS 2022<\/title>\n<meta name=\"robots\" content=\"index, follow, max-snippet:-1, max-image-preview:large, max-video-preview:-1\" \/>\n<link rel=\"canonical\" href=\"https:\/\/boschem.eu\/bos2022\/speakers\/martin-oestreich\/\" \/>\n<meta property=\"og:locale\" content=\"en_GB\" \/>\n<meta property=\"og:type\" content=\"article\" \/>\n<meta property=\"og:title\" content=\"Martin Oestreich - BOS 2022\" \/>\n<meta property=\"og:description\" content=\"Thieme Plenary Lecture Born in 1971 in Pforzheim, Germany. He is Professor of Organic Chemistry at the Technische Universit\u00e4t Berlin. [&hellip;]\" \/>\n<meta property=\"og:url\" content=\"https:\/\/boschem.eu\/bos2022\/speakers\/martin-oestreich\/\" \/>\n<meta property=\"og:site_name\" content=\"BOS 2022\" \/>\n<meta property=\"article:modified_time\" content=\"2022-02-25T13:07:09+00:00\" \/>\n<meta name=\"twitter:card\" content=\"summary_large_image\" \/>\n<meta name=\"twitter:label1\" content=\"Estimated reading time\" \/>\n\t<meta name=\"twitter:data1\" content=\"1 minute\" \/>\n<script type=\"application\/ld+json\" class=\"yoast-schema-graph\">{\"@context\":\"https:\/\/schema.org\",\"@graph\":[{\"@type\":\"WebPage\",\"@id\":\"https:\/\/boschem.eu\/bos2022\/speakers\/martin-oestreich\/\",\"url\":\"https:\/\/boschem.eu\/bos2022\/speakers\/martin-oestreich\/\",\"name\":\"Martin Oestreich - BOS 2022\",\"isPartOf\":{\"@id\":\"https:\/\/boschem.eu\/bos2022\/#website\"},\"datePublished\":\"2019-07-05T11:45:38+00:00\",\"dateModified\":\"2022-02-25T13:07:09+00:00\",\"breadcrumb\":{\"@id\":\"https:\/\/boschem.eu\/bos2022\/speakers\/martin-oestreich\/#breadcrumb\"},\"inLanguage\":\"en-GB\",\"potentialAction\":[{\"@type\":\"ReadAction\",\"target\":[\"https:\/\/boschem.eu\/bos2022\/speakers\/martin-oestreich\/\"]}]},{\"@type\":\"BreadcrumbList\",\"@id\":\"https:\/\/boschem.eu\/bos2022\/speakers\/martin-oestreich\/#breadcrumb\",\"itemListElement\":[{\"@type\":\"ListItem\",\"position\":1,\"name\":\"Home\",\"item\":\"https:\/\/boschem.eu\/bos2022\/\"},{\"@type\":\"ListItem\",\"position\":2,\"name\":\"Speakers\",\"item\":\"https:\/\/boschem.eu\/bos2022\/speakers\/\"},{\"@type\":\"ListItem\",\"position\":3,\"name\":\"Martin Oestreich\"}]},{\"@type\":\"WebSite\",\"@id\":\"https:\/\/boschem.eu\/bos2022\/#website\",\"url\":\"https:\/\/boschem.eu\/bos2022\/\",\"name\":\"BOS 2022\",\"description\":\"\",\"publisher\":{\"@id\":\"https:\/\/boschem.eu\/bos2022\/#organization\"},\"potentialAction\":[{\"@type\":\"SearchAction\",\"target\":{\"@type\":\"EntryPoint\",\"urlTemplate\":\"https:\/\/boschem.eu\/bos2022\/?s={search_term_string}\"},\"query-input\":{\"@type\":\"PropertyValueSpecification\",\"valueRequired\":true,\"valueName\":\"search_term_string\"}}],\"inLanguage\":\"en-GB\"},{\"@type\":\"Organization\",\"@id\":\"https:\/\/boschem.eu\/bos2022\/#organization\",\"name\":\"BOS 2022\",\"url\":\"https:\/\/boschem.eu\/bos2022\/\",\"logo\":{\"@type\":\"ImageObject\",\"inLanguage\":\"en-GB\",\"@id\":\"https:\/\/boschem.eu\/bos2022\/#\/schema\/logo\/image\/\",\"url\":\"https:\/\/boschem.eu\/bos2022\/wp-content\/uploads\/sites\/4\/2022\/02\/Balticum-Organicum-Syntheticum-2022.png\",\"contentUrl\":\"https:\/\/boschem.eu\/bos2022\/wp-content\/uploads\/sites\/4\/2022\/02\/Balticum-Organicum-Syntheticum-2022.png\",\"width\":395,\"height\":40,\"caption\":\"BOS 2022\"},\"image\":{\"@id\":\"https:\/\/boschem.eu\/bos2022\/#\/schema\/logo\/image\/\"}}]}<\/script>\n<!-- \/ Yoast SEO plugin. -->","yoast_head_json":{"title":"Martin Oestreich - BOS 2022","robots":{"index":"index","follow":"follow","max-snippet":"max-snippet:-1","max-image-preview":"max-image-preview:large","max-video-preview":"max-video-preview:-1"},"canonical":"https:\/\/boschem.eu\/bos2022\/speakers\/martin-oestreich\/","og_locale":"en_GB","og_type":"article","og_title":"Martin Oestreich - BOS 2022","og_description":"Thieme Plenary Lecture Born in 1971 in Pforzheim, Germany. He is Professor of Organic Chemistry at the Technische Universit\u00e4t Berlin. [&hellip;]","og_url":"https:\/\/boschem.eu\/bos2022\/speakers\/martin-oestreich\/","og_site_name":"BOS 2022","article_modified_time":"2022-02-25T13:07:09+00:00","twitter_card":"summary_large_image","twitter_misc":{"Estimated reading time":"1 minute"},"schema":{"@context":"https:\/\/schema.org","@graph":[{"@type":"WebPage","@id":"https:\/\/boschem.eu\/bos2022\/speakers\/martin-oestreich\/","url":"https:\/\/boschem.eu\/bos2022\/speakers\/martin-oestreich\/","name":"Martin Oestreich - BOS 2022","isPartOf":{"@id":"https:\/\/boschem.eu\/bos2022\/#website"},"datePublished":"2019-07-05T11:45:38+00:00","dateModified":"2022-02-25T13:07:09+00:00","breadcrumb":{"@id":"https:\/\/boschem.eu\/bos2022\/speakers\/martin-oestreich\/#breadcrumb"},"inLanguage":"en-GB","potentialAction":[{"@type":"ReadAction","target":["https:\/\/boschem.eu\/bos2022\/speakers\/martin-oestreich\/"]}]},{"@type":"BreadcrumbList","@id":"https:\/\/boschem.eu\/bos2022\/speakers\/martin-oestreich\/#breadcrumb","itemListElement":[{"@type":"ListItem","position":1,"name":"Home","item":"https:\/\/boschem.eu\/bos2022\/"},{"@type":"ListItem","position":2,"name":"Speakers","item":"https:\/\/boschem.eu\/bos2022\/speakers\/"},{"@type":"ListItem","position":3,"name":"Martin Oestreich"}]},{"@type":"WebSite","@id":"https:\/\/boschem.eu\/bos2022\/#website","url":"https:\/\/boschem.eu\/bos2022\/","name":"BOS 2022","description":"","publisher":{"@id":"https:\/\/boschem.eu\/bos2022\/#organization"},"potentialAction":[{"@type":"SearchAction","target":{"@type":"EntryPoint","urlTemplate":"https:\/\/boschem.eu\/bos2022\/?s={search_term_string}"},"query-input":{"@type":"PropertyValueSpecification","valueRequired":true,"valueName":"search_term_string"}}],"inLanguage":"en-GB"},{"@type":"Organization","@id":"https:\/\/boschem.eu\/bos2022\/#organization","name":"BOS 2022","url":"https:\/\/boschem.eu\/bos2022\/","logo":{"@type":"ImageObject","inLanguage":"en-GB","@id":"https:\/\/boschem.eu\/bos2022\/#\/schema\/logo\/image\/","url":"https:\/\/boschem.eu\/bos2022\/wp-content\/uploads\/sites\/4\/2022\/02\/Balticum-Organicum-Syntheticum-2022.png","contentUrl":"https:\/\/boschem.eu\/bos2022\/wp-content\/uploads\/sites\/4\/2022\/02\/Balticum-Organicum-Syntheticum-2022.png","width":395,"height":40,"caption":"BOS 2022"},"image":{"@id":"https:\/\/boschem.eu\/bos2022\/#\/schema\/logo\/image\/"}}]}},"_links":{"self":[{"href":"https:\/\/boschem.eu\/bos2022\/wp-json\/wp\/v2\/pages\/1801","targetHints":{"allow":["GET"]}}],"collection":[{"href":"https:\/\/boschem.eu\/bos2022\/wp-json\/wp\/v2\/pages"}],"about":[{"href":"https:\/\/boschem.eu\/bos2022\/wp-json\/wp\/v2\/types\/page"}],"author":[{"embeddable":true,"href":"https:\/\/boschem.eu\/bos2022\/wp-json\/wp\/v2\/users\/213"}],"replies":[{"embeddable":true,"href":"https:\/\/boschem.eu\/bos2022\/wp-json\/wp\/v2\/comments?post=1801"}],"version-history":[{"count":35,"href":"https:\/\/boschem.eu\/bos2022\/wp-json\/wp\/v2\/pages\/1801\/revisions"}],"predecessor-version":[{"id":3430,"href":"https:\/\/boschem.eu\/bos2022\/wp-json\/wp\/v2\/pages\/1801\/revisions\/3430"}],"up":[{"embeddable":true,"href":"https:\/\/boschem.eu\/bos2022\/wp-json\/wp\/v2\/pages\/644"}],"wp:attachment":[{"href":"https:\/\/boschem.eu\/bos2022\/wp-json\/wp\/v2\/media?parent=1801"}],"curies":[{"name":"wp","href":"https:\/\/api.w.org\/{rel}","templated":true}]}}